{"id":2,"date":"2023-05-15T11:00:46","date_gmt":"2023-05-15T11:00:46","guid":{"rendered":"https:\/\/adanaescortportal.com\/?page_id=2"},"modified":"2025-02-26T18:23:01","modified_gmt":"2025-02-26T18:23:01","slug":"sample-page","status":"publish","type":"page","link":"https:\/\/adanaescortportal.com\/","title":{"rendered":"Adana Escort"},"content":{"rendered":"\r\n<p class=\"p1\">Seksi sadece girmek \u2013 \u00e7\u0131kmak kadar ya\u015fayan insanlar var, bu insanlar en \u00e7\u0131lg\u0131n ve g\u00fczel <b>adana escort bayanlar<\/b> ile zaman ge\u00e7irirken de asla e\u011flenemezler. E\u011fer sizin i\u00e7in de durum buysa o zaman \u00f6nce kafay\u0131 de\u011fi\u015ftirin, a\u00e7\u0131k fikirli olun mesela\u2026<\/p>\r\n<h2 class=\"p1\"><b>Adana Escort ile Yeni Deneyimler Kazan\u0131n<\/b><\/h2>\r\n<p><img loading=\"lazy\" decoding=\"async\" class=\"size-full wp-image-10 aligncenter\" src=\"https:\/\/adanaescortportal.com\/wp-content\/uploads\/2023\/05\/adana-escort.webp\" alt=\"adana-escort\" width=\"493\" height=\"750\" srcset=\"https:\/\/adanaescortportal.com\/wp-content\/uploads\/2023\/05\/adana-escort.webp 493w, https:\/\/adanaescortportal.com\/wp-content\/uploads\/2023\/05\/adana-escort-197x300.webp 197w\" sizes=\"auto, (max-width: 493px) 100vw, 493px\" \/><\/p>\r\n<p class=\"p1\">Seks s\u0131ras\u0131nda sizi memnun etmek ad\u0131na <b>feti\u015fist Adana escort <\/b>bayanlarla yepyeni \u015feyler ya\u015fayabilirsiniz. Bu konuda verilebilecek en iyi \u00f6rnek o an seks oyuncaklar\u0131 kullanmakla alakal\u0131 olsa gerek. Zaten birlikte oldu\u011funuz kad\u0131n \u00e7\u0131lg\u0131nsa sizi sadece dilini ve parmaklar\u0131n\u0131 kullanarak da memnun edebilir, hi\u00e7 endi\u015feniz olmas\u0131n.<\/p>\r\n<p class=\"p1\"><b>Olabilecek En \u00c7\u0131lg\u0131n Seks T\u00fcr\u00fc Nedir?<\/b><\/p>\r\n<p>Eskort Kad\u0131nlar\u0131 tan\u0131yal\u0131m.<\/p>\r\n<p>\u00c7ekici ve bak\u0131ml\u0131 bir g\u00f6r\u00fcn\u00fcme sahip \u0130yi bir e\u011fitim seviyesine sahip ve k\u00fclt\u00fcrl\u00fc \u0130yi ileti\u015fim becerilerine sahip ve sohbet etmeyi seven Gizlilik ve g\u00fcvenilirlik konular\u0131nda hassas <a href=\"https:\/\/avrupaservis.com.tr\/\" rel=\"sponsored\"><strong>istanbul escort<\/strong><\/a> Farkl\u0131 deneyimler ya\u015famay\u0131 ve yeni \u015feyler denemeyi seven kad\u0131nlar.<\/p>\r\n<p>Hizmetler Kaliteli ve unutulmaz bir deneyim sunma Farkl\u0131 etkinlikler ve sosyal ortamlarda e\u015flik etme Seyahat ve tatil planlar\u0131n\u0131za e\u015flik etme <a href=\"https:\/\/gunortasi.com\/\" rel=\"sponsored\"><strong>mecidiyek\u00f6y escort<\/strong><\/a> \u0130\u015f yemekleri, toplant\u0131lar ve \u00f6zel davetlerde partnerlik hizmeti veren k\u0131zlar. \u0130leti\u015fim E\u011fer bu tan\u0131t\u0131mda bahsedilen eskort bayan ile ileti\u015fime ge\u00e7mek isterseniz, Telefon numaras\u0131, Whatsapp, Telegram, Facebook bilgilerini kullanarak kendisine ula\u015fabilirsiniz.<\/p>\r\n<p>En seksi ve g\u00fczel <strong><a href=\"https:\/\/sisliescortz.com\/\" rel=\"sponsored\">\u015fi\u015fli escort<\/a><\/strong> kad\u0131nlar\u0131yla tan\u0131\u015fmak hi\u00e7 de zor de\u011fil. Siz de kendinize uygun bir partner bulabilir ve unutulmaz an\u0131lar biriktirebilirsiniz.<\/p>\r\n<p>\u0130yi e\u011flenceler! Kesinlikle <a href=\"https:\/\/atasehiratings.com\/\" rel=\"sponsored\"><strong>ata\u015fehir escort<\/strong><\/a> seks yapmay\u0131 \u00e7ok ama \u00e7ok seviyor.<\/p>\r\n<p>S\u0131n\u0131rs\u0131z seks hizmeti veriyorlar. i\u00e7 anadolunun en seksi <strong><a href=\"https:\/\/www.kaysericelik.com\" rel=\"sponsored\">kayseri escort<\/a><\/strong> k\u0131zlar\u0131n\u0131 sizler i\u00e7in derledik.<\/p>\r\n<p>Akdeniz ak\u015famlar\u0131 denince <strong><a href=\"https:\/\/wipescort.com\/\" rel=\"sponsored\">antalya escort<\/a><\/strong> kad\u0131nlar\u0131n\u0131 pas ge\u00e7emezdik elbette.<\/p>\r\n<p>Egenin incisi, b\u00f6lgenin birincisi <strong><a href=\"https:\/\/bodrumyachtservice.com\/\" rel=\"sponsored\">bodrum escort<\/a><\/strong> bayanlar\u0131 aray\u0131p randevu alman\u0131z\u0131 bekliyor.<\/p>\r\n<p>7\/24 whatsapplar\u0131 a\u00e7\u0131k. sizlerin aray\u0131p randevu olu\u015fturman\u0131z\u0131 bekliyorlar. \u00f6zellikle hafta sonlar\u0131 1 g\u00fcn \u00f6nce rezervasyon yapt\u0131rmay\u0131 d\u00fc\u015f\u00fcnebilirsiniz.<\/p>\r\n<p>Son d\u00f6nemlerde en \u00e7ok <strong><a href=\"https:\/\/www.istanbultaksi.org\/ad-category\/esenyurt-escort\/\" rel=\"sponsored\">esenyurt escort<\/a><\/strong> kad\u0131na olan ihtiya\u00e7 artm\u0131\u015ft\u0131r.<\/p>\r\n<p>Devasa bir il\u00e7eye d\u00f6n\u00fc\u015fm\u00fc\u015ft\u00fcr. buras\u0131. En ger\u00e7ek profilli kad\u0131nlar sizlerle.<\/p>\r\n<p>istanbulun en y\u00fcksek tepesinde <strong><a href=\"https:\/\/www.alissa-escort.com\/\" rel=\"sponsored\">taksim escort<\/a><\/strong> kad\u0131nlar\u0131 direk dans\u0131 showlar\u0131, feti\u015f ve daha nice fanteziler i\u00e7in sizleri beklemekte.<\/p>\r\n<p class=\"p1\">Madem seksle alakal\u0131 bu kadar delice \u015feyden bahsettik o zaman <strong><a href=\"https:\/\/www.mersinforum.net\/\">mersin escort<\/a><\/strong> olabilecek en \u00e7\u0131lg\u0131n sekslerden de bahsetmek laz\u0131m.<\/p>\r\n<p class=\"p1\">Bu anlamda <b>adana<\/b><b>\u00a0escort bayanlar<\/b>la biseks\u00fcelce ya\u015fanan karma bir grup seksten daha iyi ne \u00f6rnek olabilir? Beyler ortam uygun, fiyatlar da \u00f6yle. E o zaman e\u011flenmek i\u00e7in neden bekliyorsunuz?<\/p>\r\n<h2 class=\"p1\">Profesyonel Mas\u00f6z A<b>dana<\/b> Escort Bur\u00e7in<\/h2>\r\n<p class=\"p1\">Ger\u00e7ek anlamda profesyonel bir masaj deneyimi ya\u015faman\u0131za neden olurum \u00e7\u00fcnk\u00fc ger\u00e7ekten de mas\u00f6z\u00fcm (hem de profesyonel). \u00dcstelik g\u00fczel bir kad\u0131n\u0131m, seksi &amp; istekliyim\u2026 ben sizi bir <b>adana<\/b><b>\u00a0escort bayan<\/b> olarak da fazlas\u0131yla e\u011flendiririm. K\u0131sacas\u0131 hayat\u0131m benimle zaman ge\u00e7irirken a\u015fk\u0131n, masaj\u0131n ve sohbetin bir arada ya\u015fand\u0131\u011f\u0131 \u00e7ok e\u011flenceli bir olay ya\u015fayacaks\u0131n\u0131z. Size bunun garantisini verebilirim!<\/p>\r\n<p class=\"p1\">Profilim,<\/p>\r\n<p class=\"p1\">Hemen size kendimi tarif edeyim. 25 ya\u015f\u0131nday\u0131m, a\u00e7\u0131k tenliyim ve ye\u015fil g\u00f6zlere sahibim. 91 61 91 beden \u00f6l\u00e7\u00fclerinde, uzun boylu ve zarif bir kad\u0131n\u0131m. Uzun olan d\u00fcz sa\u00e7lar\u0131m belime kadar, bak\u0131\u015flar\u0131m anlaml\u0131 ve yanaklar\u0131m gamzeli. E\u011fer <b>adana<\/b><b>\u00a0escort <\/b>g\u00fczelli\u011fimi g\u00f6rmek isterseniz bana ula\u015fman\u0131z yeterlidir. Sohbetimize sizlere resimlerimi g\u00f6ndererek ba\u015flar\u0131m ve baz\u0131 resimlerim nude olabilir. Haberiniz olsun.<\/p>\r\n<h2 class=\"p1\"><b>Seksi En \u00c7ok Yasaks\u0131z Ya\u015farken E\u011flenebiliyorum!<\/b><\/h2>\r\n<p><img loading=\"lazy\" decoding=\"async\" class=\"size-full wp-image-11 aligncenter\" src=\"https:\/\/adanaescortportal.com\/wp-content\/uploads\/2023\/05\/escort-adana.jpeg\" alt=\"escort-adana\" width=\"500\" height=\"750\" srcset=\"https:\/\/adanaescortportal.com\/wp-content\/uploads\/2023\/05\/escort-adana.jpeg 500w, https:\/\/adanaescortportal.com\/wp-content\/uploads\/2023\/05\/escort-adana-200x300.jpeg 200w\" sizes=\"auto, (max-width: 500px) 100vw, 500px\" \/><\/p>\r\n<p class=\"p1\">Elbette ben seksi yasaks\u0131z ya\u015farken mutlu olabiliyorum. <b>adana<\/b><b>\u00a0escort bayan<\/b> iken de amac\u0131m e\u011flenmek &amp; e\u011flendirmek. Bu nedenle bebe\u011fim sizinle olabildi\u011fince az yasakla zaman ge\u00e7iririm. O an sadece prezervatif kullanman\u0131z\u0131 isterim ama oral seksimde bunu ben de \u00f6nemsemem. Benim oral seksim sadece sakso de\u011fildir ve size sakso \u00e7ekerken sizden prezervatif kullanman\u0131z\u0131 asla istemem \u00fcstelik sizi \u00f6ncesinde haz\u0131rland\u0131\u011f\u0131m darac\u0131k ve bol inlemeli bir analla memnun ederim. \u0130\u015fte hayat\u0131m t\u00fcm bu bahsetti\u011fim nedenler bir araya geldi\u011finde sana o an ger\u00e7ekten iyi hissettiririm!<\/p>\r\n<h3 class=\"p1\"><b>Hadi Hemen Beni Ara!<\/b><\/h3>\r\n<p class=\"p1\">Ben buraday\u0131m, seni tan\u0131mak i\u00e7in de sab\u0131rs\u0131zlan\u0131yorum. Bana hemen ula\u015fabilmen i\u00e7in a\u015fa\u011f\u0131 <b>eskort bayan telefon numaras\u0131<\/b> ekliyorum. Bu numara bana ait, beni arad\u0131\u011f\u0131n\u0131z zaman direkt benimle sohbet edebilirsiniz. Hi\u00e7bir ajansla anla\u015fmal\u0131 de\u011filim, g\u00f6r\u00fc\u015fmelerim tamamen keyfine ve bireysel. \u0130\u015fte bu nedenle <b>benimle zaman ge\u00e7irirken \u00e7ok az \u00f6der ama \u00e7ok e\u011flenirsiniz<\/b>. <a href=\"https:\/\/www.anuska.net\/\">istanbul escort site<\/a> \u00f6nerim.<\/p>\r\n","protected":false},"excerpt":{"rendered":"<p>Seksi sadece girmek \u2013 \u00e7\u0131kmak kadar ya\u015fayan insanlar var, bu insanlar en \u00e7\u0131lg\u0131n ve g\u00fczel adana escort bayanlar ile zaman ge\u00e7irirken de asla e\u011flenemezler. E\u011fer&#8230;<\/p>\n<div class=\"more-link-wrapper\"><a class=\"more-link\" href=\"https:\/\/adanaescortportal.com\/\">Devam\u0131n\u0131 okuyun<span class=\"screen-reader-text\">Adana Escort<\/span><\/a><\/div>\n","protected":false},"author":1,"featured_media":0,"parent":0,"menu_order":0,"comment_status":"closed","ping_status":"open","template":"","meta":{"footnotes":""},"class_list":["post-2","page","type-page","status-publish","hentry","entry"],"aioseo_notices":[],"_links":{"self":[{"href":"https:\/\/adanaescortportal.com\/index.php?rest_route=\/wp\/v2\/pages\/2","targetHints":{"allow":["GET"]}}],"collection":[{"href":"https:\/\/adanaescortportal.com\/index.php?rest_route=\/wp\/v2\/pages"}],"about":[{"href":"https:\/\/adanaescortportal.com\/index.php?rest_route=\/wp\/v2\/types\/page"}],"author":[{"embeddable":true,"href":"https:\/\/adanaescortportal.com\/index.php?rest_route=\/wp\/v2\/users\/1"}],"replies":[{"embeddable":true,"href":"https:\/\/adanaescortportal.com\/index.php?rest_route=%2Fwp%2Fv2%2Fcomments&post=2"}],"version-history":[{"count":8,"href":"https:\/\/adanaescortportal.com\/index.php?rest_route=\/wp\/v2\/pages\/2\/revisions"}],"predecessor-version":[{"id":23,"href":"https:\/\/adanaescortportal.com\/index.php?rest_route=\/wp\/v2\/pages\/2\/revisions\/23"}],"wp:attachment":[{"href":"https:\/\/adanaescortportal.com\/index.php?rest_route=%2Fwp%2Fv2%2Fmedia&parent=2"}],"curies":[{"name":"wp","href":"https:\/\/api.w.org\/{rel}","templated":true}]}}